{"id":3,"date":"2018-06-18T08:30:07","date_gmt":"2018-06-18T08:30:07","guid":{"rendered":"https:\/\/www.psychnet-kassel.org\/wpp\/?page_id=3"},"modified":"2020-01-18T12:17:51","modified_gmt":"2020-01-18T12:17:51","slug":"datenschutz","status":"publish","type":"page","link":"https:\/\/www.psychnet-kassel.org\/wpp\/datenschutz\/","title":{"rendered":"Impressum und Datenschutz"},"content":{"rendered":"<div class=\"flex_column av_one_full  flex_column_div av-zero-column-padding first  avia-builder-el-0  el_before_av_one_half  avia-builder-el-first  \" style='border-radius:0px; '><div class='avia-button-wrap avia-button-left  avia-builder-el-1  avia-builder-el-no-sibling '><a href='https:\/\/www.psychnet-kassel.org\/wpp\/'  class='avia-button   avia-icon_select-yes-left-icon avia-color-theme-color avia-size-small avia-position-left '   ><span class='avia_button_icon avia_button_icon_left ' aria-hidden='true' data-av_icon='\ue87c' data-av_iconfont='entypo-fontello'><\/span><span class='avia_iconbox_title' >zur\u00fcck<\/span><\/a><\/div><\/div>\n<div class=\"flex_column av_one_half  flex_column_div av-zero-column-padding first  avia-builder-el-2  el_after_av_one_full  el_before_av_one_half  column-top-margin\" style='border-radius:0px; '><section class=\"av_textblock_section \"  itemscope=\"itemscope\" itemtype=\"https:\/\/schema.org\/CreativeWork\" ><div class='avia_textblock  '   itemprop=\"text\" ><p><strong>PsychNet Kassel e.V.<br \/>\n<\/strong>K\u00f6lnische Stra\u00dfe 54 a<br \/>\n34117 Kassel<\/p>\n<p>Vertreten durch<br \/>\nHans Peter Schmied<\/p>\n<p><strong>Kontakt<\/strong><br \/>\nTel.: 0561 787 5371<br \/>\nE-Mail: <a href=\"Mailto:Hans-Peter.Schmied@kassel.de\">gesundheitsamt@kassel.de<\/a><\/p>\n<p><strong>Vereinsregister<\/strong><br \/>\nAmtsgerichts Kassel unter der Registernummer VR 5396<\/p>\n<p><strong>Inhaltlich Verantwortlicher<br \/>\n<\/strong>Hans Peter Schmied<\/p>\n<p><strong>Haftungsausschluss (Disclaimer)<\/strong><\/p>\n<p><strong>Haftung f\u00fcr Inhalte<\/strong><br \/>\nAls Diensteanbieter sind wir gem\u00e4\u00df \u00a7 7 Abs.1 TMG f\u00fcr eigene Inhalte auf diesen Seiten nach den allgemeinen Gesetzen verantwortlich. Nach \u00a7\u00a7 8 bis 10 TMG sind wir als Diensteanbieter jedoch nicht verpflichtet, \u00fcbermittelte oder gespeicherte fremde Informationen zu \u00fcberwachen oder nach Umst\u00e4nden zu forschen, die auf eine rechtswidrige T\u00e4tigkeit hinweisen. Verpflichtungen zur Entfernung oder Sperrung der Nutzung von Informationen nach den allgemeinen Gesetzen bleiben hiervon unber\u00fchrt. Eine diesbez\u00fcgliche Haftung ist jedoch erst ab dem Zeitpunkt der Kenntnis einer konkreten Rechtsverletzung m\u00f6glich. Bei Bekanntwerden von entsprechenden Rechtsverletzungen werden wir diese Inhalte umgehend entfernen.<\/p>\n<p><strong>Haftung f\u00fcr Links<\/strong><br \/>\nUnser Angebot enth\u00e4lt Links zu externen Webseiten Dritter, auf deren Inhalte wir keinen Einfluss haben. Deshalb k\u00f6nnen wir f\u00fcr diese fremden Inhalte auch keine Gew\u00e4hr \u00fcbernehmen. F\u00fcr die Inhalte der verlinkten Seiten ist stets der jeweilige Anbieter oder Betreiber der Seiten verantwortlich. Die verlinkten Seiten wurden zum Zeitpunkt der Verlinkung auf m\u00f6gliche Rechtsverst\u00f6\u00dfe \u00fcberpr\u00fcft. Rechtswidrige Inhalte waren zum Zeitpunkt der Verlinkung nicht erkennbar. Eine permanente inhaltliche Kontrolle der verlinkten Seiten ist jedoch ohne konkrete Anhaltspunkte einer Rechtsverletzung nicht zumutbar. Bei Bekanntwerden von Rechtsverletzungen werden wir derartige Links umgehend entfernen.<\/p>\n<p><strong>Urheberrecht<\/strong><br \/>\nDie durch die Seitenbetreiber erstellten Inhalte und Werke auf diesen Seiten unterliegen dem deutschen Urheberrecht. Die Vervielf\u00e4ltigung, Bearbeitung, Verbreitung und jede Art der Verwertung au\u00dferhalb der Grenzen des Urheberrechtes bed\u00fcrfen der schriftlichen Zustimmung des jeweiligen Autors bzw. Erstellers. Downloads und Kopien dieser Seite sind nur f\u00fcr den privaten, nicht kommerziellen Gebrauch gestattet. Soweit die Inhalte auf dieser Seite nicht vom Betreiber erstellt wurden, werden die Urheberrechte Dritter beachtet. Insbesondere werden Inhalte Dritter als solche gekennzeichnet. Sollten Sie trotzdem auf eine Urheberrechtsverletzung aufmerksam werden, bitten wir um einen entsprechenden Hinweis. Bei Bekanntwerden von Rechtsverletzungen werden wir derartige Inhalte umgehend entfernen.<\/p>\n<\/div><\/section><\/div>\n<div class=\"flex_column av_one_half  flex_column_div av-zero-column-padding   avia-builder-el-4  el_after_av_one_half  avia-builder-el-last  column-top-margin\" style='border-radius:0px; '><section class=\"av_textblock_section \"  itemscope=\"itemscope\" itemtype=\"https:\/\/schema.org\/CreativeWork\" ><div class='avia_textblock  '   itemprop=\"text\" ><p><strong>Datenschutzbelehrung<\/strong><br \/>\nDie Betreiber dieser Seiten nehmen den Schutz Ihrer pers\u00f6nlichen Daten sehr ernst. Wir behandeln Ihre personenbezogenen Daten vertraulich und entsprechend der gesetzlichen Datenschutzvorschriften sowie dieser Datenschutzerkl\u00e4rung.<br \/>\nDie Nutzung unserer Webseite ist in der Regel ohne Angabe personenbezogener Daten m\u00f6glich.<br \/>\nWir weisen darauf hin, dass die Daten\u00fcbertragung im Internet (z.B. bei der Kommunikation per E-Mail) Sicherheitsl\u00fccken aufweisen kann. Ein l\u00fcckenloser Schutz der Daten vor dem Zugriff durch Dritte ist nicht m\u00f6glich.<\/p>\n<p><strong>Cookies<\/strong><\/p>\n<p>Wir setzen nur technisch notwendigen Cookies zu dem Zweck ein, unser Angebot nutzerfreundlicher, effektiver und sicherer zu machen. Des Weiteren erm\u00f6glichen Cookies unseren Systemen, Ihren Browser auch nach einem Seitenwechsel zu erkennen und Ihnen Services anzubieten. Einige Funktionen unserer Internetseite k\u00f6nnen ohne den Einsatz von Cookies nicht angeboten werden. F\u00fcr diese ist es erforderlich, dass der Browser auch nach einem Seitenwechsel wiedererkannt wird.<\/p>\n<p>Die Verarbeitung erfolgt auf Grundlage des Art. 6 Abs. 1 lit. f DSGVO aus unserem \u00fcberwiegenden berechtigten Interesse an der Gew\u00e4hrleistung der optimalen Funktionalit\u00e4t der Website sowie einer nutzerfreundlichen und effektiven Gestaltung unseres Angebots. Sie haben das Recht aus Gr\u00fcnden, die sich aus Ihrer besonderen Situation ergeben, jederzeit dieser auf Art. 6 Abs. 1 lit. f DSGVO eruhenden Verarbeitungen Sie betreffender personenbezogener Daten zu widersprechen.<\/p>\n<p><strong>Server-Log-Files<\/strong><br \/>\nDer Provider der Seiten erhebt und speichert automatisch Informationen in so genannten Server-Log Files, die Ihr Browser automatisch an uns \u00fcbermittelt. Dies sind:<br \/>\n\u2022 Browsertyp und Browserversion<br \/>\n\u2022 verwendetes Betriebssystem<br \/>\n\u2022 Referrer URL<br \/>\n\u2022 Hostname des zugreifenden Rechners<br \/>\n\u2022 Uhrzeit der Serveranfrage<br \/>\nDiese Daten sind nicht bestimmten Personen zuordenbar. Eine Zusammenf\u00fchrung dieser Daten mit anderen Datenquellen wird nicht vorgenommen. Wir behalten uns vor, diese Daten nachtr\u00e4glich zu pr\u00fcfen, wenn uns konkrete Anhaltspunkte f\u00fcr eine rechtswidrige Nutzung bekannt werden.<\/p>\n<p><strong>SSL-Verschl\u00fcsselung<\/strong><br \/>\nDiese Seite nutzt aus Gr\u00fcnden der Sicherheit und zum Schutz der \u00dcbertragung vertraulicher Inhalte, wie zum Beispiel der Anfragen, die Sie an uns als Seitenbetreiber senden, eine SSL-Verschl\u00fcsselung. Eine verschl\u00fcsselte Verbindung erkennen Sie daran, dass die Adresszeile des Browsers von \u201ehttp:\/\/\u201c auf \u201ehttps:\/\/\u201c wechselt und an dem Schloss-Symbol in Ihrer Browserzeile.<br \/>\nWenn die SSL Verschl\u00fcsselung aktiviert ist, k\u00f6nnen die Daten, die Sie an uns \u00fcbermitteln, nicht von Dritten mitgelesen werden.<\/p>\n<p><strong>Recht auf Auskunft, L\u00f6schung, Sperrung<\/strong><br \/>\nSie haben jederzeit das Recht auf unentgeltliche Auskunft \u00fcber Ihre gespeicherten personenbezogenen Daten, deren Herkunft und Empf\u00e4nger und den Zweck der Datenverarbeitung sowie ein Recht auf Berichtigung, Sperrung oder L\u00f6schung dieser Daten. Hierzu sowie zu weiteren Fragen zum Thema personenbezogene Daten k\u00f6nnen Sie sich jederzeit unter der im Impressum angegebenen Adresse an uns wenden.<\/p>\n<p><strong>Stand und Aktualisierung dieser Datenschutzerkl\u00e4rung<br \/>\n<\/strong>Diese Datenschutzerkl\u00e4rung hat den Stand vom 25. Mai 2018. Wir behalten uns vor, die Datenschutzerkl\u00e4rung zu gegebener Zeit zu aktualisieren, um den Datenschutz zu verbessern und\/oder an ge\u00e4nderte Beh\u00f6rdenpraxis oder Rechtsprechung anzupassen.<\/p>\n<p><strong>Ihre Kontaktm\u00f6glichkeiten<\/strong><br \/>\nFalls Sie Fragen, Beschwerden, Anregungen oder Zweifel an unserer Datenschutzerkl\u00e4rung haben, Informationen zur Verwendung oder Offenlegung Ihrer pers\u00f6nlichen Daten von uns w\u00fcnschen, eine Korrektur, Erg\u00e4nzung oder L\u00f6schung Ihrer pers\u00f6nlichen Daten w\u00fcnschen oder Ihre Einwilligung zur Verarbeitung Ihrer pers\u00f6nlichen Daten widerrufen wollen, so senden Sie uns bitte eine E-Mail an: psychnet@sozialtherapie-ks.de oder wenden sich direkt an unseren Datenschutzbeauftragten: Peter Kern, Tel. 0561 22072 10.<\/p>\n<p><strong>Beschwerdestelle<\/strong><br \/>\nDer Hessische Beauftragte f\u00fcr Datenschutz und Informationsfreiheit<br \/>\nPostfach 3163<br \/>\n65021 Wiesbaden<\/p>\n<\/div><\/section><\/div>\n","protected":false},"excerpt":{"rendered":"","protected":false},"author":5,"featured_media":0,"parent":0,"menu_order":0,"comment_status":"closed","ping_status":"open","template":"template-blank.php","meta":{"_acf_changed":false,"footnotes":""},"class_list":["post-3","page","type-page","status-publish","hentry"],"acf":[],"yoast_head":"<!-- This site is optimized with the Yoast SEO plugin v27.5 - https:\/\/yoast.com\/product\/yoast-seo-wordpress\/ -->\n<title>Impressum und Datenschutz - Willkommen beim Psychiatrieportal Kassel<\/title>\n<meta name=\"robots\" content=\"index, follow, max-snippet:-1, max-image-preview:large, max-video-preview:-1\" \/>\n<link rel=\"canonical\" href=\"https:\/\/www.psychnet-kassel.org\/wpp\/datenschutz\/\" \/>\n<meta property=\"og:locale\" content=\"de_DE\" \/>\n<meta property=\"og:type\" content=\"article\" \/>\n<meta property=\"og:title\" content=\"Impressum und Datenschutz - Willkommen beim Psychiatrieportal Kassel\" \/>\n<meta property=\"og:url\" content=\"https:\/\/www.psychnet-kassel.org\/wpp\/datenschutz\/\" \/>\n<meta property=\"og:site_name\" content=\"Willkommen beim Psychiatrieportal Kassel\" \/>\n<meta property=\"article:modified_time\" content=\"2020-01-18T12:17:51+00:00\" \/>\n<meta name=\"twitter:card\" content=\"summary_large_image\" \/>\n<meta name=\"twitter:label1\" content=\"Gesch\u00e4tzte Lesezeit\" \/>\n\t<meta name=\"twitter:data1\" content=\"6\u00a0Minuten\" \/>\n<script type=\"application\/ld+json\" class=\"yoast-schema-graph\">{\"@context\":\"https:\\\/\\\/schema.org\",\"@graph\":[{\"@type\":\"WebPage\",\"@id\":\"https:\\\/\\\/www.psychnet-kassel.org\\\/wpp\\\/datenschutz\\\/\",\"url\":\"https:\\\/\\\/www.psychnet-kassel.org\\\/wpp\\\/datenschutz\\\/\",\"name\":\"Impressum und Datenschutz - Willkommen beim Psychiatrieportal Kassel\",\"isPartOf\":{\"@id\":\"https:\\\/\\\/www.psychnet-kassel.org\\\/wpp\\\/#website\"},\"datePublished\":\"2018-06-18T08:30:07+00:00\",\"dateModified\":\"2020-01-18T12:17:51+00:00\",\"breadcrumb\":{\"@id\":\"https:\\\/\\\/www.psychnet-kassel.org\\\/wpp\\\/datenschutz\\\/#breadcrumb\"},\"inLanguage\":\"de\",\"potentialAction\":[{\"@type\":\"ReadAction\",\"target\":[\"https:\\\/\\\/www.psychnet-kassel.org\\\/wpp\\\/datenschutz\\\/\"]}]},{\"@type\":\"BreadcrumbList\",\"@id\":\"https:\\\/\\\/www.psychnet-kassel.org\\\/wpp\\\/datenschutz\\\/#breadcrumb\",\"itemListElement\":[{\"@type\":\"ListItem\",\"position\":1,\"name\":\"Startseite\",\"item\":\"https:\\\/\\\/www.psychnet-kassel.org\\\/wpp\\\/\"},{\"@type\":\"ListItem\",\"position\":2,\"name\":\"Impressum und Datenschutz\"}]},{\"@type\":\"WebSite\",\"@id\":\"https:\\\/\\\/www.psychnet-kassel.org\\\/wpp\\\/#website\",\"url\":\"https:\\\/\\\/www.psychnet-kassel.org\\\/wpp\\\/\",\"name\":\"Willkommen beim Psychiatrieportal Kassel\",\"description\":\"Psychnet Kassel e.V.\",\"potentialAction\":[{\"@type\":\"SearchAction\",\"target\":{\"@type\":\"EntryPoint\",\"urlTemplate\":\"https:\\\/\\\/www.psychnet-kassel.org\\\/wpp\\\/?s={search_term_string}\"},\"query-input\":{\"@type\":\"PropertyValueSpecification\",\"valueRequired\":true,\"valueName\":\"search_term_string\"}}],\"inLanguage\":\"de\"}]}<\/script>\n<!-- \/ Yoast SEO plugin. -->","yoast_head_json":{"title":"Impressum und Datenschutz - Willkommen beim Psychiatrieportal Kassel","robots":{"index":"index","follow":"follow","max-snippet":"max-snippet:-1","max-image-preview":"max-image-preview:large","max-video-preview":"max-video-preview:-1"},"canonical":"https:\/\/www.psychnet-kassel.org\/wpp\/datenschutz\/","og_locale":"de_DE","og_type":"article","og_title":"Impressum und Datenschutz - Willkommen beim Psychiatrieportal Kassel","og_url":"https:\/\/www.psychnet-kassel.org\/wpp\/datenschutz\/","og_site_name":"Willkommen beim Psychiatrieportal Kassel","article_modified_time":"2020-01-18T12:17:51+00:00","twitter_card":"summary_large_image","twitter_misc":{"Gesch\u00e4tzte Lesezeit":"6\u00a0Minuten"},"schema":{"@context":"https:\/\/schema.org","@graph":[{"@type":"WebPage","@id":"https:\/\/www.psychnet-kassel.org\/wpp\/datenschutz\/","url":"https:\/\/www.psychnet-kassel.org\/wpp\/datenschutz\/","name":"Impressum und Datenschutz - Willkommen beim Psychiatrieportal Kassel","isPartOf":{"@id":"https:\/\/www.psychnet-kassel.org\/wpp\/#website"},"datePublished":"2018-06-18T08:30:07+00:00","dateModified":"2020-01-18T12:17:51+00:00","breadcrumb":{"@id":"https:\/\/www.psychnet-kassel.org\/wpp\/datenschutz\/#breadcrumb"},"inLanguage":"de","potentialAction":[{"@type":"ReadAction","target":["https:\/\/www.psychnet-kassel.org\/wpp\/datenschutz\/"]}]},{"@type":"BreadcrumbList","@id":"https:\/\/www.psychnet-kassel.org\/wpp\/datenschutz\/#breadcrumb","itemListElement":[{"@type":"ListItem","position":1,"name":"Startseite","item":"https:\/\/www.psychnet-kassel.org\/wpp\/"},{"@type":"ListItem","position":2,"name":"Impressum und Datenschutz"}]},{"@type":"WebSite","@id":"https:\/\/www.psychnet-kassel.org\/wpp\/#website","url":"https:\/\/www.psychnet-kassel.org\/wpp\/","name":"Willkommen beim Psychiatrieportal Kassel","description":"Psychnet Kassel e.V.","potentialAction":[{"@type":"SearchAction","target":{"@type":"EntryPoint","urlTemplate":"https:\/\/www.psychnet-kassel.org\/wpp\/?s={search_term_string}"},"query-input":{"@type":"PropertyValueSpecification","valueRequired":true,"valueName":"search_term_string"}}],"inLanguage":"de"}]}},"_links":{"self":[{"href":"https:\/\/www.psychnet-kassel.org\/wpp\/wp-json\/wp\/v2\/pages\/3","targetHints":{"allow":["GET"]}}],"collection":[{"href":"https:\/\/www.psychnet-kassel.org\/wpp\/wp-json\/wp\/v2\/pages"}],"about":[{"href":"https:\/\/www.psychnet-kassel.org\/wpp\/wp-json\/wp\/v2\/types\/page"}],"author":[{"embeddable":true,"href":"https:\/\/www.psychnet-kassel.org\/wpp\/wp-json\/wp\/v2\/users\/5"}],"replies":[{"embeddable":true,"href":"https:\/\/www.psychnet-kassel.org\/wpp\/wp-json\/wp\/v2\/comments?post=3"}],"version-history":[{"count":10,"href":"https:\/\/www.psychnet-kassel.org\/wpp\/wp-json\/wp\/v2\/pages\/3\/revisions"}],"predecessor-version":[{"id":1327,"href":"https:\/\/www.psychnet-kassel.org\/wpp\/wp-json\/wp\/v2\/pages\/3\/revisions\/1327"}],"wp:attachment":[{"href":"https:\/\/www.psychnet-kassel.org\/wpp\/wp-json\/wp\/v2\/media?parent=3"}],"curies":[{"name":"wp","href":"https:\/\/api.w.org\/{rel}","templated":true}]}}