{"id":1293,"date":"2019-07-09T05:39:14","date_gmt":"2019-07-09T05:39:14","guid":{"rendered":"https:\/\/www.psychnet-kassel.org\/wpp\/?page_id=1293"},"modified":"2020-01-16T21:31:01","modified_gmt":"2020-01-16T21:31:01","slug":"ueber-uns","status":"publish","type":"page","link":"https:\/\/www.psychnet-kassel.org\/wpp\/ueber-uns\/","title":{"rendered":"\u00dcber uns"},"content":{"rendered":"<div class=\"flex_column av_one_full  flex_column_div av-zero-column-padding first  avia-builder-el-0  avia-builder-el-no-sibling  \" style='border-radius:0px; '><section class=\"av_textblock_section \"  itemscope=\"itemscope\" itemtype=\"https:\/\/schema.org\/CreativeWork\" ><div class='avia_textblock  '  style='font-size:20px; '  itemprop=\"text\" ><h1>\u00dcber uns<\/h1>\n<\/div><\/section><br \/>\n<section class=\"av_textblock_section \"  itemscope=\"itemscope\" itemtype=\"https:\/\/schema.org\/CreativeWork\" ><div class='avia_textblock  '  style='font-size:14px; '  itemprop=\"text\" ><p><strong>Wer sind wir?<\/strong><\/p>\n<p>Im Verein PsychNet Kassel haben sich Personen und Institutionen zusammengeschlossen, die in unterschiedlicher Art und Weise mit Fragen der Beratung und Unterst\u00fctzung f\u00fcr Menschen in psychosozialen Problemlagen befasst sind.<\/p>\n<p>Wir haben den Verein im September 2017 gegr\u00fcndet. Er ist im Vereinsregister eingetragen und vom Finanzamt Kassel-Hofgeismar als gemeinn\u00fctzig anerkannt.<\/p>\n<p><strong>Was wollen wir?<\/strong><\/p>\n<p>Wir sind davon \u00fcberzeugt, dass es in der Region Kassel bereits vielf\u00e4ltige und umfassende Beratungs- und Unterst\u00fctzungsangebote f\u00fcr Menschen in psychosozialen Problemlagen gibt, diese aber nur wenigen Eingeweihten umf\u00e4nglich bekannt sind.<\/p>\n<p>Das wollen wir \u00e4ndern&#8230;<\/p>\n<ul>\n<li>indem wir uns im Verein miteinander vernetzen, uns gegenseitig informieren und gemeinsame Strategien zur Weiterentwicklung unserer Angebote entwickeln.<\/li>\n<li>indem wir Betroffenen, Angeh\u00f6rigen und anderen Ratsuchenden die Informationen \u00fcber die vorhandenen Unterst\u00fctzungsm\u00f6glichkeiten komprimiert, aber dennoch m\u00f6glichst umfassend, zur Verf\u00fcgung stellen.Daf\u00fcr bauen wir sukzessive auf dieser Internetpr\u00e4sentation ein Informationssystem auf, das den Ratsuchenden Unterst\u00fctzungsangebote verst\u00e4ndlich und nachvollziehbar darstellt.<\/li>\n<\/ul>\n<p>\u00dcber weitere Mitglieder, die unsere Ziele teilen und gemeinsam mit uns daran arbeiten wollen, freuen wir uns.<\/p>\n<\/div><\/section><\/p><\/div>\n","protected":false},"excerpt":{"rendered":"","protected":false},"author":5,"featured_media":0,"parent":0,"menu_order":0,"comment_status":"closed","ping_status":"closed","template":"","meta":{"_acf_changed":false,"footnotes":""},"class_list":["post-1293","page","type-page","status-publish","hentry"],"acf":[],"yoast_head":"<!-- This site is optimized with the Yoast SEO plugin v27.4 - https:\/\/yoast.com\/product\/yoast-seo-wordpress\/ -->\n<title>\u00dcber uns - Willkommen beim Psychiatrieportal Kassel<\/title>\n<meta name=\"robots\" content=\"index, follow, max-snippet:-1, max-image-preview:large, max-video-preview:-1\" \/>\n<link rel=\"canonical\" href=\"https:\/\/www.psychnet-kassel.org\/wpp\/ueber-uns\/\" \/>\n<meta property=\"og:locale\" content=\"de_DE\" \/>\n<meta property=\"og:type\" content=\"article\" \/>\n<meta property=\"og:title\" content=\"\u00dcber uns - Willkommen beim Psychiatrieportal Kassel\" \/>\n<meta property=\"og:url\" content=\"https:\/\/www.psychnet-kassel.org\/wpp\/ueber-uns\/\" \/>\n<meta property=\"og:site_name\" content=\"Willkommen beim Psychiatrieportal Kassel\" \/>\n<meta property=\"article:modified_time\" content=\"2020-01-16T21:31:01+00:00\" \/>\n<meta name=\"twitter:card\" content=\"summary_large_image\" \/>\n<meta name=\"twitter:label1\" content=\"Gesch\u00e4tzte Lesezeit\" \/>\n\t<meta name=\"twitter:data1\" content=\"2\u00a0Minuten\" \/>\n<script type=\"application\/ld+json\" class=\"yoast-schema-graph\">{\"@context\":\"https:\\\/\\\/schema.org\",\"@graph\":[{\"@type\":\"WebPage\",\"@id\":\"https:\\\/\\\/www.psychnet-kassel.org\\\/wpp\\\/ueber-uns\\\/\",\"url\":\"https:\\\/\\\/www.psychnet-kassel.org\\\/wpp\\\/ueber-uns\\\/\",\"name\":\"\u00dcber uns - Willkommen beim Psychiatrieportal Kassel\",\"isPartOf\":{\"@id\":\"https:\\\/\\\/www.psychnet-kassel.org\\\/wpp\\\/#website\"},\"datePublished\":\"2019-07-09T05:39:14+00:00\",\"dateModified\":\"2020-01-16T21:31:01+00:00\",\"breadcrumb\":{\"@id\":\"https:\\\/\\\/www.psychnet-kassel.org\\\/wpp\\\/ueber-uns\\\/#breadcrumb\"},\"inLanguage\":\"de\",\"potentialAction\":[{\"@type\":\"ReadAction\",\"target\":[\"https:\\\/\\\/www.psychnet-kassel.org\\\/wpp\\\/ueber-uns\\\/\"]}]},{\"@type\":\"BreadcrumbList\",\"@id\":\"https:\\\/\\\/www.psychnet-kassel.org\\\/wpp\\\/ueber-uns\\\/#breadcrumb\",\"itemListElement\":[{\"@type\":\"ListItem\",\"position\":1,\"name\":\"Startseite\",\"item\":\"https:\\\/\\\/www.psychnet-kassel.org\\\/wpp\\\/\"},{\"@type\":\"ListItem\",\"position\":2,\"name\":\"\u00dcber uns\"}]},{\"@type\":\"WebSite\",\"@id\":\"https:\\\/\\\/www.psychnet-kassel.org\\\/wpp\\\/#website\",\"url\":\"https:\\\/\\\/www.psychnet-kassel.org\\\/wpp\\\/\",\"name\":\"Willkommen beim Psychiatrieportal Kassel\",\"description\":\"Psychnet Kassel e.V.\",\"potentialAction\":[{\"@type\":\"SearchAction\",\"target\":{\"@type\":\"EntryPoint\",\"urlTemplate\":\"https:\\\/\\\/www.psychnet-kassel.org\\\/wpp\\\/?s={search_term_string}\"},\"query-input\":{\"@type\":\"PropertyValueSpecification\",\"valueRequired\":true,\"valueName\":\"search_term_string\"}}],\"inLanguage\":\"de\"}]}<\/script>\n<!-- \/ Yoast SEO plugin. -->","yoast_head_json":{"title":"\u00dcber uns - Willkommen beim Psychiatrieportal Kassel","robots":{"index":"index","follow":"follow","max-snippet":"max-snippet:-1","max-image-preview":"max-image-preview:large","max-video-preview":"max-video-preview:-1"},"canonical":"https:\/\/www.psychnet-kassel.org\/wpp\/ueber-uns\/","og_locale":"de_DE","og_type":"article","og_title":"\u00dcber uns - Willkommen beim Psychiatrieportal Kassel","og_url":"https:\/\/www.psychnet-kassel.org\/wpp\/ueber-uns\/","og_site_name":"Willkommen beim Psychiatrieportal Kassel","article_modified_time":"2020-01-16T21:31:01+00:00","twitter_card":"summary_large_image","twitter_misc":{"Gesch\u00e4tzte Lesezeit":"2\u00a0Minuten"},"schema":{"@context":"https:\/\/schema.org","@graph":[{"@type":"WebPage","@id":"https:\/\/www.psychnet-kassel.org\/wpp\/ueber-uns\/","url":"https:\/\/www.psychnet-kassel.org\/wpp\/ueber-uns\/","name":"\u00dcber uns - Willkommen beim Psychiatrieportal Kassel","isPartOf":{"@id":"https:\/\/www.psychnet-kassel.org\/wpp\/#website"},"datePublished":"2019-07-09T05:39:14+00:00","dateModified":"2020-01-16T21:31:01+00:00","breadcrumb":{"@id":"https:\/\/www.psychnet-kassel.org\/wpp\/ueber-uns\/#breadcrumb"},"inLanguage":"de","potentialAction":[{"@type":"ReadAction","target":["https:\/\/www.psychnet-kassel.org\/wpp\/ueber-uns\/"]}]},{"@type":"BreadcrumbList","@id":"https:\/\/www.psychnet-kassel.org\/wpp\/ueber-uns\/#breadcrumb","itemListElement":[{"@type":"ListItem","position":1,"name":"Startseite","item":"https:\/\/www.psychnet-kassel.org\/wpp\/"},{"@type":"ListItem","position":2,"name":"\u00dcber uns"}]},{"@type":"WebSite","@id":"https:\/\/www.psychnet-kassel.org\/wpp\/#website","url":"https:\/\/www.psychnet-kassel.org\/wpp\/","name":"Willkommen beim Psychiatrieportal Kassel","description":"Psychnet Kassel e.V.","potentialAction":[{"@type":"SearchAction","target":{"@type":"EntryPoint","urlTemplate":"https:\/\/www.psychnet-kassel.org\/wpp\/?s={search_term_string}"},"query-input":{"@type":"PropertyValueSpecification","valueRequired":true,"valueName":"search_term_string"}}],"inLanguage":"de"}]}},"_links":{"self":[{"href":"https:\/\/www.psychnet-kassel.org\/wpp\/wp-json\/wp\/v2\/pages\/1293","targetHints":{"allow":["GET"]}}],"collection":[{"href":"https:\/\/www.psychnet-kassel.org\/wpp\/wp-json\/wp\/v2\/pages"}],"about":[{"href":"https:\/\/www.psychnet-kassel.org\/wpp\/wp-json\/wp\/v2\/types\/page"}],"author":[{"embeddable":true,"href":"https:\/\/www.psychnet-kassel.org\/wpp\/wp-json\/wp\/v2\/users\/5"}],"replies":[{"embeddable":true,"href":"https:\/\/www.psychnet-kassel.org\/wpp\/wp-json\/wp\/v2\/comments?post=1293"}],"version-history":[{"count":13,"href":"https:\/\/www.psychnet-kassel.org\/wpp\/wp-json\/wp\/v2\/pages\/1293\/revisions"}],"predecessor-version":[{"id":1850,"href":"https:\/\/www.psychnet-kassel.org\/wpp\/wp-json\/wp\/v2\/pages\/1293\/revisions\/1850"}],"wp:attachment":[{"href":"https:\/\/www.psychnet-kassel.org\/wpp\/wp-json\/wp\/v2\/media?parent=1293"}],"curies":[{"name":"wp","href":"https:\/\/api.w.org\/{rel}","templated":true}]}}